{"id":528,"date":"2020-07-01T16:24:24","date_gmt":"2020-07-01T14:24:24","guid":{"rendered":"https:\/\/www.psi-industries.fr\/?page_id=3"},"modified":"2020-09-08T10:30:03","modified_gmt":"2020-09-08T08:30:03","slug":"privacy-policy","status":"publish","type":"page","link":"https:\/\/www.psi-industries.fr\/en\/privacy-policy\/","title":{"rendered":"Privacy policy"},"content":{"rendered":"<div class=\"wpb-content-wrapper\"><p>[vc_row][vc_column][vc_column_text]<\/p>\n<div class=\"title_outer title_without_animation\" data-height=\"320\">\n<div class=\"title title_size_large position_left \">\n<div class=\"title_holder\">\n<div class=\"container\">\n<div class=\"container_inner clearfix\">\n<div class=\"title_subtitle_holder\">\n<div class=\"title_subtitle_holder_inner\">\n<h1>COOKIE MANAGEMENT \u2013 PRIVACY POLICY<\/h1>\n<\/div>\n<\/div>\n<\/div>\n<\/div>\n<\/div>\n<\/div>\n<\/div>\n<div class=\"container\">\n<div class=\"container_inner default_template_holder clearfix page_container_inner\">\n<div class=\"vc_row wpb_row section vc_row-fluid \">\n<div class=\" full_section_inner clearfix\">\n<div class=\"wpb_column vc_column_container vc_col-sm-12\">\n<div class=\"vc_column-inner \">\n<div class=\"wpb_wrapper\">\n<div class=\"wpb_text_column wpb_content_element \">\n<div class=\"wpb_wrapper\">\n<div class=\"s-block-item s-repeatable-item s-block-sortable-item rich-text s-last-row\">\n<div class=\"s-block-item-inner clearfix\">\n<div class=\" columns sixteen\">\n<div class=\"s-component s-text s-animation-page-slide_in\">\n<div class=\"s-component-content s-font-body\">\n<p>Nous prenons votre vie priv\u00e9e tr\u00e8s au s\u00e9rieux !<\/p>\n<p>Thank you for using our websites and our services. Like you, we believe in the importance of personal integrity and we take your privacy very seriously. This privacy policy applies to all individuals directly or indirectly sharing their personal data with the PSI GROUP when visiting our websites or using our services.<\/p>\n<p>The PSI GROUP is a company established in <span class=\"s-text-color-blue\"><strong>France<\/strong><\/span> and, as such, we comply with French <span class=\"s-text-color-blue\"><strong>legislation<\/strong><\/span> governing the protection of personal data (1998: 204), which applies the European data protection directive 95\/46\/EC.<\/p>\n<p>Our head office is located at 14 rue de l\u2019industrie<br \/>\n73460 FRONTENEX<\/p>\n<p>Please do not hesitate to contact us at the following address if you have questions or concerns regarding data protection: <span \n                data-original-string='bGoz8Of8qHBtvV0paH6e8g==b8c221HExg3rNnMl4qaRCKsCA=='\n                class='apbct-email-encoder'\n                title='This contact has been encoded by Anti-Spam by CleanTalk. Click to decode. To finish the decoding make sure that JavaScript is enabled in your browser.'>co<span class=\"apbct-blur\">*****<\/span>@<span class=\"apbct-blur\">*<\/span>si.fr<\/span>.<\/p>\n<p>In this privacy policy, we explain what kinds of personal data are likely to be processed, and for what purpose. We also explain the choices you have with regard to our data processing and how you can find out more about our data processing and your rights.<\/p>\n<p>&nbsp;<\/p>\n<h2>SCOPE OF PRIVACY POLICY<\/h2>\n<p>Please note that this privacy policy relates to the processing of personal data for which the PSI GROUP is the Data Controller, i.e. in cases where the PSI GROUP has decided on the purposes and methods of processing.<\/p>\n<p>To avoid any ambiguity, this privacy policy does not relate to any processing of personal data that the PSI GROUP may perform as a subcontractor arising from your use of our services.<\/p>\n<p>For more information on how our services may be used to facilitate processing of your personal data, and on the PSI GROUP\u2019s responsibilities and commitments in this regard, please refer to the applicable conditions.<\/p>\n<p>&nbsp;<\/p>\n<h2>PERSONAL DATA PROCESSED<\/h2>\n<p>\u2018Personal data\u2019 refers to information that identifies you as an individual. We may process the following types of personal data relating to you:<\/p>\n<ul>\n<li>Your contact details, including your name, email address and telephone number.<\/li>\n<li>User information, for example if you log into our service or visit our websites. This information may include the IP number, type of peripheral and browser, time zone, geographical location, as well as your interests and preferences, information on how you interact with our services, for example the features used and the buttons clicked.<\/li>\n<li>Other information we receive via your contacts<\/li>\n<\/ul>\n<p>&nbsp;<\/p>\n<h2>PURPOSES OF PROCESSING<\/h2>\n<p>We process your personal data for the following purposes:<\/p>\n<ul>\n<li>To provide our services in accordance with the applicable conditions<\/li>\n<li>To manage our business relationship with you and the PSI GROUP customer you represent<\/li>\n<li>To develop and improve our current or potential PSI GROUP services, for our services provided by selected third parties. To avoid any ambiguity, any marketing material distributed using your personal data is sent to you as a representative of a current or prospective PSI GROUP customer and not to you as a private individual.<\/li>\n<\/ul>\n<p>&nbsp;<\/p>\n<h2>SHARING WITH THIRD PARTIES AND TRANSFER TO THIRD COUNTRIES<\/h2>\n<p>We may share personal data with third parties for the purposes explained above. For the avoidance of doubt, we will not share personal data with third parties in a manner that would allow these third parties to use personal data for direct marketing purposes in relation with you as a private individual, but only with you as a representative of a current or prospective PSI GROUP customer.<\/p>\n<p>We may transfer your personal data to a country outside the EEA, but we must first obtain your consent or ensure that the transfer is legal or secure by making other arrangements.<\/p>\n<p>As explained above, please remember that this privacy policy does not relate to any processing of data for which you may be responsible following the use of our services. You, or the party you represent, are still responsible for your processing of personal data in accordance with the applicable law.<\/p>\n<p>&nbsp;<\/p>\n<h2>YOUR RIGHTS<\/h2>\n<p>We are obliged to process accurate, relevant and necessary personal information while taking account of our legitimate purposes. You have the right to monitor us.<br \/>\nTo update the personal data that we process relating to you, please contact us at <span \n                data-original-string='rwkjB1yJge7v0+10iB3I\/g==b8cXhb3PHOEbrBUI7C\/I+pUwH8vpCIoait7zBVC6rBcYPU='\n                class='apbct-email-encoder'\n                title='This contact has been encoded by Anti-Spam by CleanTalk. Click to decode. To finish the decoding make sure that JavaScript is enabled in your browser.'>co<span class=\"apbct-blur\">*****<\/span>@<span class=\"apbct-blur\">*******<\/span>si.fr<\/span>. To obtain a free copy of the personal data that we process relating to you, please send a signed request by mail <span class=\"s-text-color-blue\">to the<\/span> PSI GROUP\u2019s address<\/p>\n<\/div>\n<\/div>\n<\/div>\n<\/div>\n<\/div>\n<\/div>\n<\/div>\n<\/div>\n<\/div>\n<\/div>\n<\/div>\n<\/div>\n<\/div>\n<\/div>\n<p>.<\/p>\n<p>[\/vc_column_text][\/vc_column][\/vc_row][vc_row][vc_column][vc_raw_html]JTNDaWZyYW1lJTIwc3R5bGUlM0QlMjJib3JkZXIlM0ElMjAwJTNCJTIwaGVpZ2h0JTNBJTIwMjAwcHglM0IlMjB3aWR0aCUzQSUyMDEwMCUyNSUzQiUyMiUyMHNyYyUzRCUyMmh0dHBzJTNBJTJGJTJGYW5hbHl0aWNzLmQyYmNvbnN1bHRpbmcuZnIlMkZpbmRleC5waHAlM0Ztb2R1bGUlM0RDb3JlQWRtaW5Ib21lJTI2YW1wJTNCYWN0aW9uJTNEb3B0T3V0JTI2YW1wJTNCbGFuZ3VhZ2UlM0RmciUyNmFtcCUzQmJhY2tncm91bmRDb2xvciUzRGZmZmZmZiUyNmFtcCUzQmZvbnRDb2xvciUzRCUyNmFtcCUzQmZvbnRTaXplJTNEMTVweCUyNmFtcCUzQmZvbnRGYW1pbHklM0QlMjdPcGVuJTIwU2FucyUyNyUyQyUyMHNhbnMtc2VyaWYlMjIlM0UlM0MlMkZpZnJhbWUlM0U=[\/vc_raw_html][\/vc_column][\/vc_row]<\/p>\n<\/div>","protected":false},"excerpt":{"rendered":"<p>[vc_row][vc_column][vc_column_text] COOKIE MANAGEMENT \u2013 PRIVACY POLICY Nous prenons votre vie priv\u00e9e tr\u00e8s au s\u00e9rieux ! Thank you for using our websites and our services. Like you,<span class=\"excerpt-hellip\"> [\u2026]<\/span><\/p>\n","protected":false},"author":1,"featured_media":0,"parent":0,"menu_order":0,"comment_status":"closed","ping_status":"open","template":"","meta":{"footnotes":""},"class_list":["post-528","page","type-page","status-publish","hentry"],"yoast_head":"<!-- This site is optimized with the Yoast SEO plugin v27.2 - https:\/\/yoast.com\/product\/yoast-seo-wordpress\/ -->\n<title>Precision mechanical machined part provider, privacy policy<\/title>\n<meta name=\"description\" content=\"PSI is a specialist in high precision machined parts for industrial applications. Read our privacy policy and contact us for details.\" \/>\n<meta name=\"robots\" content=\"index, follow, max-snippet:-1, max-image-preview:large, max-video-preview:-1\" \/>\n<link rel=\"canonical\" href=\"https:\/\/www.psi-industries.fr\/en\/privacy-policy\/\" \/>\n<meta property=\"og:locale\" content=\"en_GB\" \/>\n<meta property=\"og:type\" content=\"article\" \/>\n<meta property=\"og:title\" content=\"Precision mechanical machined part provider, privacy policy\" \/>\n<meta property=\"og:description\" content=\"PSI is a specialist in high precision machined parts for industrial applications. Read our privacy policy and contact us for details.\" \/>\n<meta property=\"og:url\" content=\"https:\/\/www.psi-industries.fr\/en\/privacy-policy\/\" \/>\n<meta property=\"og:site_name\" content=\"PSI English\" \/>\n<meta property=\"article:modified_time\" content=\"2020-09-08T08:30:03+00:00\" \/>\n<meta name=\"twitter:card\" content=\"summary_large_image\" \/>\n<meta name=\"twitter:label1\" content=\"Est. reading time\" \/>\n\t<meta name=\"twitter:data1\" content=\"4 minutes\" \/>\n<script type=\"application\/ld+json\" class=\"yoast-schema-graph\">{\"@context\":\"https:\/\/schema.org\",\"@graph\":[{\"@type\":\"WebPage\",\"@id\":\"https:\/\/www.psi-industries.fr\/en\/privacy-policy\/\",\"url\":\"https:\/\/www.psi-industries.fr\/en\/privacy-policy\/\",\"name\":\"Precision mechanical machined part provider, privacy policy\",\"isPartOf\":{\"@id\":\"https:\/\/www.psi-industries.fr\/en\/#website\"},\"datePublished\":\"2020-07-01T14:24:24+00:00\",\"dateModified\":\"2020-09-08T08:30:03+00:00\",\"description\":\"PSI is a specialist in high precision machined parts for industrial applications. Read our privacy policy and contact us for details.\",\"breadcrumb\":{\"@id\":\"https:\/\/www.psi-industries.fr\/en\/privacy-policy\/#breadcrumb\"},\"inLanguage\":\"en-GB\",\"potentialAction\":[{\"@type\":\"ReadAction\",\"target\":[\"https:\/\/www.psi-industries.fr\/en\/privacy-policy\/\"]}]},{\"@type\":\"BreadcrumbList\",\"@id\":\"https:\/\/www.psi-industries.fr\/en\/privacy-policy\/#breadcrumb\",\"itemListElement\":[{\"@type\":\"ListItem\",\"position\":1,\"name\":\"Accueil\",\"item\":\"https:\/\/www.psi-industries.fr\/en\/\"},{\"@type\":\"ListItem\",\"position\":2,\"name\":\"Privacy policy\"}]},{\"@type\":\"WebSite\",\"@id\":\"https:\/\/www.psi-industries.fr\/en\/#website\",\"url\":\"https:\/\/www.psi-industries.fr\/en\/\",\"name\":\"PSI English\",\"description\":\"Un site utilisant WordPress\",\"potentialAction\":[{\"@type\":\"SearchAction\",\"target\":{\"@type\":\"EntryPoint\",\"urlTemplate\":\"https:\/\/www.psi-industries.fr\/en\/?s={search_term_string}\"},\"query-input\":{\"@type\":\"PropertyValueSpecification\",\"valueRequired\":true,\"valueName\":\"search_term_string\"}}],\"inLanguage\":\"en-GB\"}]}<\/script>\n<!-- \/ Yoast SEO plugin. -->","yoast_head_json":{"title":"Precision mechanical machined part provider, privacy policy","description":"PSI is a specialist in high precision machined parts for industrial applications. Read our privacy policy and contact us for details.","robots":{"index":"index","follow":"follow","max-snippet":"max-snippet:-1","max-image-preview":"max-image-preview:large","max-video-preview":"max-video-preview:-1"},"canonical":"https:\/\/www.psi-industries.fr\/en\/privacy-policy\/","og_locale":"en_GB","og_type":"article","og_title":"Precision mechanical machined part provider, privacy policy","og_description":"PSI is a specialist in high precision machined parts for industrial applications. Read our privacy policy and contact us for details.","og_url":"https:\/\/www.psi-industries.fr\/en\/privacy-policy\/","og_site_name":"PSI English","article_modified_time":"2020-09-08T08:30:03+00:00","twitter_card":"summary_large_image","twitter_misc":{"Est. reading time":"4 minutes"},"schema":{"@context":"https:\/\/schema.org","@graph":[{"@type":"WebPage","@id":"https:\/\/www.psi-industries.fr\/en\/privacy-policy\/","url":"https:\/\/www.psi-industries.fr\/en\/privacy-policy\/","name":"Precision mechanical machined part provider, privacy policy","isPartOf":{"@id":"https:\/\/www.psi-industries.fr\/en\/#website"},"datePublished":"2020-07-01T14:24:24+00:00","dateModified":"2020-09-08T08:30:03+00:00","description":"PSI is a specialist in high precision machined parts for industrial applications. Read our privacy policy and contact us for details.","breadcrumb":{"@id":"https:\/\/www.psi-industries.fr\/en\/privacy-policy\/#breadcrumb"},"inLanguage":"en-GB","potentialAction":[{"@type":"ReadAction","target":["https:\/\/www.psi-industries.fr\/en\/privacy-policy\/"]}]},{"@type":"BreadcrumbList","@id":"https:\/\/www.psi-industries.fr\/en\/privacy-policy\/#breadcrumb","itemListElement":[{"@type":"ListItem","position":1,"name":"Accueil","item":"https:\/\/www.psi-industries.fr\/en\/"},{"@type":"ListItem","position":2,"name":"Privacy policy"}]},{"@type":"WebSite","@id":"https:\/\/www.psi-industries.fr\/en\/#website","url":"https:\/\/www.psi-industries.fr\/en\/","name":"PSI English","description":"Un site utilisant WordPress","potentialAction":[{"@type":"SearchAction","target":{"@type":"EntryPoint","urlTemplate":"https:\/\/www.psi-industries.fr\/en\/?s={search_term_string}"},"query-input":{"@type":"PropertyValueSpecification","valueRequired":true,"valueName":"search_term_string"}}],"inLanguage":"en-GB"}]}},"_links":{"self":[{"href":"https:\/\/www.psi-industries.fr\/en\/wp-json\/wp\/v2\/pages\/528","targetHints":{"allow":["GET"]}}],"collection":[{"href":"https:\/\/www.psi-industries.fr\/en\/wp-json\/wp\/v2\/pages"}],"about":[{"href":"https:\/\/www.psi-industries.fr\/en\/wp-json\/wp\/v2\/types\/page"}],"author":[{"embeddable":true,"href":"https:\/\/www.psi-industries.fr\/en\/wp-json\/wp\/v2\/users\/1"}],"replies":[{"embeddable":true,"href":"https:\/\/www.psi-industries.fr\/en\/wp-json\/wp\/v2\/comments?post=528"}],"version-history":[{"count":1,"href":"https:\/\/www.psi-industries.fr\/en\/wp-json\/wp\/v2\/pages\/528\/revisions"}],"predecessor-version":[{"id":598,"href":"https:\/\/www.psi-industries.fr\/en\/wp-json\/wp\/v2\/pages\/528\/revisions\/598"}],"wp:attachment":[{"href":"https:\/\/www.psi-industries.fr\/en\/wp-json\/wp\/v2\/media?parent=528"}],"curies":[{"name":"wp","href":"https:\/\/api.w.org\/{rel}","templated":true}]}}